{"id":18001,"date":"2024-08-09T00:12:22","date_gmt":"2024-08-08T22:12:22","guid":{"rendered":"https:\/\/www.calaboards.com\/shop\/unkategorisiert\/kanaloa-copy\/"},"modified":"2025-02-11T13:54:01","modified_gmt":"2025-02-11T12:54:01","slug":"kanaloa-mit-versiegelung","status":"publish","type":"product","link":"https:\/\/www.calaboards.com\/en\/shop\/sup-boards\/premium-sealing\/kanaloa-mit-versiegelung\/","title":{"rendered":"Kanaloa mit gratis Versiegelung"},"content":{"rendered":"<p>\u2714 Sowohl f\u00fcr Anf\u00e4nger als auch Fortgeschrittene geeignet<br \/>\n<u><\/u><u><\/u>\u2714 Nachhaltiges Bloom Eva Deckpad<br \/>\n<u><\/u><u><\/u>\u2714 Transport auch zu Fu\u00df und auf dem Bike m\u00f6glich<br \/>\n\u2714 Bis zu 140 kg Tragkraft<i><br \/>\n<\/i><u><\/u>\u2714 \u00c4u\u00dferst widerstandsf\u00e4hig gegen \u00e4u\u00dfere Einfl\u00fcsse<\/p>\n<p>Die funktionale Formgebung erlaubt es dir, schneller auf dem Wasser zu gleiten und auch mal kr\u00e4ftigere Wellen zu schneiden. Die Oberfl\u00e4che liegt nahe am Wasser, dadurch kannst du viele Stunden auf dem Brett verbringen, ohne zu erm\u00fcden. Die Spitze des Boards ragt gut aus dem Wasser und schneidet dadurch die Wellen besser. Kanaloa ist sowohl in ruhigen als auch rauen Gew\u00e4ssern ideal einsatzf\u00e4hig. Das kr\u00e4ftige Petrol der Matte und die feinen, an indigene Kunst erinnernde Zeichnungen sind der absolute Hingucker.<\/p>\n","protected":false},"excerpt":{"rendered":"<p>Weitere Informationen zur Abacaxi Versiegelung sowie den AGB als Produkttester*in findest <a href=\"https:\/\/www.calaboards.com\/sup-sealing\/\" target=\"_blank\" rel=\"noopener\"><u>hier<\/u><\/a>. <strong>Hinweis:<\/strong> Mit dem Kauf unseres Bundles stimmst du zu, dass wir dich nach 3 Monaten schriftlich oder telefonisch kontaktieren, um dein Feedback zur Versiegelung einzuholen.<\/p>\n<p>Mit dem Kanaloa findest du dich auf <strong>allen Gew\u00e4ssern<\/strong> zurecht. Dank der funktionalen Formgebung eignet es sich besonders gut f\u00fcr <strong>l\u00e4ngere Touren<\/strong> sowie die <strong>offene See<\/strong>. Schnelles Gleiten und Schneiden von kr\u00e4ftigen Wellen ist garantiert.<\/p>\n","protected":false},"featured_media":18371,"comment_status":"open","ping_status":"closed","template":"","meta":{"_acf_changed":false,"inline_featured_image":false},"product_brand":[],"product_cat":[259,40],"product_tag":[],"class_list":{"0":"post-18001","1":"product","2":"type-product","3":"status-publish","4":"has-post-thumbnail","6":"product_cat-premium-sealing","7":"product_cat-sup-boards","9":"first","10":"outofstock","11":"sale","12":"taxable","13":"shipping-taxable","14":"purchasable","15":"product-type-simple"},"acf":[],"yoast_head":"<!-- This site is optimized with the Yoast SEO plugin v26.2 - https:\/\/yoast.com\/wordpress\/plugins\/seo\/ -->\n<title>Kanaloa mit gratis Versiegelung Touring SUP-Board - CALA SUP<\/title>\n<meta name=\"description\" content=\"CALA Kanaloa 11&#039;6&quot; Touring SUP-Board \u2714 F\u00fcr Crusing, Ausdauertraining &amp; offene See \u200b\u2714 Schneidet auch kr\u00e4ftigere Wellen \u2714 Nachhaltiges Algen Deckpad.\" \/>\n<meta name=\"robots\" content=\"noindex, follow\" \/>\n<meta property=\"og:locale\" content=\"en_US\" \/>\n<meta property=\"og:type\" content=\"article\" \/>\n<meta property=\"og:title\" content=\"Kanaloa mit gratis Versiegelung Touring SUP-Board - CALA SUP\" \/>\n<meta property=\"og:description\" content=\"CALA Kanaloa 11&#039;6&quot; Touring SUP-Board \u2714 F\u00fcr Crusing, Ausdauertraining &amp; offene See \u200b\u2714 Schneidet auch kr\u00e4ftigere Wellen \u2714 Nachhaltiges Algen Deckpad.\" \/>\n<meta property=\"og:url\" content=\"https:\/\/www.calaboards.com\/shop\/sup-boards\/premium-sealing\/kanaloa-mit-versiegelung\/\" \/>\n<meta property=\"og:site_name\" content=\"CALA Boards\" \/>\n<meta property=\"article:publisher\" content=\"https:\/\/www.facebook.com\/Calaeurope\/\" \/>\n<meta property=\"article:modified_time\" content=\"2025-02-11T12:54:01+00:00\" \/>\n<meta property=\"og:image\" content=\"https:\/\/www.calaboards.com\/wp-content\/uploads\/2022\/07\/Kanaloa_Neu_Set_DE-1.webp\" \/>\n\t<meta property=\"og:image:width\" content=\"1500\" \/>\n\t<meta property=\"og:image:height\" content=\"1500\" \/>\n\t<meta property=\"og:image:type\" content=\"image\/webp\" \/>\n<meta name=\"twitter:card\" content=\"summary_large_image\" \/>\n<meta name=\"twitter:label1\" content=\"Est. reading time\" \/>\n\t<meta name=\"twitter:data1\" content=\"1 minute\" \/>\n<script type=\"application\/ld+json\" class=\"yoast-schema-graph\">{\"@context\":\"https:\/\/schema.org\",\"@graph\":[{\"@type\":\"WebPage\",\"@id\":\"https:\/\/www.calaboards.com\/shop\/sup-boards\/premium-sealing\/kanaloa-mit-versiegelung\/\",\"url\":\"https:\/\/www.calaboards.com\/shop\/sup-boards\/premium-sealing\/kanaloa-mit-versiegelung\/\",\"name\":\"Kanaloa mit gratis Versiegelung Touring SUP-Board - CALA SUP\",\"isPartOf\":{\"@id\":\"https:\/\/www.calaboards.com\/#website\"},\"primaryImageOfPage\":{\"@id\":\"https:\/\/www.calaboards.com\/shop\/sup-boards\/premium-sealing\/kanaloa-mit-versiegelung\/#primaryimage\"},\"image\":{\"@id\":\"https:\/\/www.calaboards.com\/shop\/sup-boards\/premium-sealing\/kanaloa-mit-versiegelung\/#primaryimage\"},\"thumbnailUrl\":\"https:\/\/www.calaboards.com\/wp-content\/uploads\/2022\/07\/Kanaloa_Neu_Set_DE-1.webp\",\"datePublished\":\"2024-08-08T22:12:22+00:00\",\"dateModified\":\"2025-02-11T12:54:01+00:00\",\"description\":\"CALA Kanaloa 11'6\\\" Touring SUP-Board \u2714 F\u00fcr Crusing, Ausdauertraining & offene See \u200b\u2714 Schneidet auch kr\u00e4ftigere Wellen \u2714 Nachhaltiges Algen Deckpad.\",\"breadcrumb\":{\"@id\":\"https:\/\/www.calaboards.com\/shop\/sup-boards\/premium-sealing\/kanaloa-mit-versiegelung\/#breadcrumb\"},\"inLanguage\":\"en-US\",\"potentialAction\":[{\"@type\":\"ReadAction\",\"target\":[\"https:\/\/www.calaboards.com\/shop\/sup-boards\/premium-sealing\/kanaloa-mit-versiegelung\/\"]}]},{\"@type\":\"ImageObject\",\"inLanguage\":\"en-US\",\"@id\":\"https:\/\/www.calaboards.com\/shop\/sup-boards\/premium-sealing\/kanaloa-mit-versiegelung\/#primaryimage\",\"url\":\"https:\/\/www.calaboards.com\/wp-content\/uploads\/2022\/07\/Kanaloa_Neu_Set_DE-1.webp\",\"contentUrl\":\"https:\/\/www.calaboards.com\/wp-content\/uploads\/2022\/07\/Kanaloa_Neu_Set_DE-1.webp\",\"width\":1500,\"height\":1500},{\"@type\":\"BreadcrumbList\",\"@id\":\"https:\/\/www.calaboards.com\/shop\/sup-boards\/premium-sealing\/kanaloa-mit-versiegelung\/#breadcrumb\",\"itemListElement\":[{\"@type\":\"ListItem\",\"position\":1,\"name\":\"Startseite\",\"item\":\"https:\/\/www.calaboards.com\/en\/\"},{\"@type\":\"ListItem\",\"position\":2,\"name\":\"Kanaloa mit gratis Versiegelung\"}]},{\"@type\":\"WebSite\",\"@id\":\"https:\/\/www.calaboards.com\/#website\",\"url\":\"https:\/\/www.calaboards.com\/\",\"name\":\"CALA SUP Shop: Premium Stand-up-Paddle Boards\",\"description\":\"Shop f\u00fcr Stand-up-Paddle Boards und Zubeh\u00f6r.\",\"publisher\":{\"@id\":\"https:\/\/www.calaboards.com\/#organization\"},\"potentialAction\":[{\"@type\":\"SearchAction\",\"target\":{\"@type\":\"EntryPoint\",\"urlTemplate\":\"https:\/\/www.calaboards.com\/?s={search_term_string}\"},\"query-input\":{\"@type\":\"PropertyValueSpecification\",\"valueRequired\":true,\"valueName\":\"search_term_string\"}}],\"inLanguage\":\"en-US\"},{\"@type\":\"Organization\",\"@id\":\"https:\/\/www.calaboards.com\/#organization\",\"name\":\"CALA Boards\",\"url\":\"https:\/\/www.calaboards.com\/\",\"logo\":{\"@type\":\"ImageObject\",\"inLanguage\":\"en-US\",\"@id\":\"https:\/\/www.calaboards.com\/#\/schema\/logo\/image\/\",\"url\":\"https:\/\/www.calaboards.com\/wp-content\/uploads\/2023\/05\/CALA_Logo_120x90.png\",\"contentUrl\":\"https:\/\/www.calaboards.com\/wp-content\/uploads\/2023\/05\/CALA_Logo_120x90.png\",\"width\":120,\"height\":90,\"caption\":\"CALA Boards\"},\"image\":{\"@id\":\"https:\/\/www.calaboards.com\/#\/schema\/logo\/image\/\"},\"sameAs\":[\"https:\/\/www.facebook.com\/Calaeurope\/\",\"https:\/\/www.instagram.com\/calaboards\/channel\/\"]}]}<\/script>\n<!-- \/ Yoast SEO plugin. -->","yoast_head_json":{"title":"Kanaloa mit gratis Versiegelung Touring SUP-Board - CALA SUP","description":"CALA Kanaloa 11'6\" Touring SUP-Board \u2714 F\u00fcr Crusing, Ausdauertraining & offene See \u200b\u2714 Schneidet auch kr\u00e4ftigere Wellen \u2714 Nachhaltiges Algen Deckpad.","robots":{"index":"noindex","follow":"follow"},"og_locale":"en_US","og_type":"article","og_title":"Kanaloa mit gratis Versiegelung Touring SUP-Board - CALA SUP","og_description":"CALA Kanaloa 11'6\" Touring SUP-Board \u2714 F\u00fcr Crusing, Ausdauertraining & offene See \u200b\u2714 Schneidet auch kr\u00e4ftigere Wellen \u2714 Nachhaltiges Algen Deckpad.","og_url":"https:\/\/www.calaboards.com\/shop\/sup-boards\/premium-sealing\/kanaloa-mit-versiegelung\/","og_site_name":"CALA Boards","article_publisher":"https:\/\/www.facebook.com\/Calaeurope\/","article_modified_time":"2025-02-11T12:54:01+00:00","og_image":[{"width":1500,"height":1500,"url":"https:\/\/www.calaboards.com\/wp-content\/uploads\/2022\/07\/Kanaloa_Neu_Set_DE-1.webp","type":"image\/webp"}],"twitter_card":"summary_large_image","twitter_misc":{"Est. reading time":"1 minute"},"schema":{"@context":"https:\/\/schema.org","@graph":[{"@type":"WebPage","@id":"https:\/\/www.calaboards.com\/shop\/sup-boards\/premium-sealing\/kanaloa-mit-versiegelung\/","url":"https:\/\/www.calaboards.com\/shop\/sup-boards\/premium-sealing\/kanaloa-mit-versiegelung\/","name":"Kanaloa mit gratis Versiegelung Touring SUP-Board - CALA SUP","isPartOf":{"@id":"https:\/\/www.calaboards.com\/#website"},"primaryImageOfPage":{"@id":"https:\/\/www.calaboards.com\/shop\/sup-boards\/premium-sealing\/kanaloa-mit-versiegelung\/#primaryimage"},"image":{"@id":"https:\/\/www.calaboards.com\/shop\/sup-boards\/premium-sealing\/kanaloa-mit-versiegelung\/#primaryimage"},"thumbnailUrl":"https:\/\/www.calaboards.com\/wp-content\/uploads\/2022\/07\/Kanaloa_Neu_Set_DE-1.webp","datePublished":"2024-08-08T22:12:22+00:00","dateModified":"2025-02-11T12:54:01+00:00","description":"CALA Kanaloa 11'6\" Touring SUP-Board \u2714 F\u00fcr Crusing, Ausdauertraining & offene See \u200b\u2714 Schneidet auch kr\u00e4ftigere Wellen \u2714 Nachhaltiges Algen Deckpad.","breadcrumb":{"@id":"https:\/\/www.calaboards.com\/shop\/sup-boards\/premium-sealing\/kanaloa-mit-versiegelung\/#breadcrumb"},"inLanguage":"en-US","potentialAction":[{"@type":"ReadAction","target":["https:\/\/www.calaboards.com\/shop\/sup-boards\/premium-sealing\/kanaloa-mit-versiegelung\/"]}]},{"@type":"ImageObject","inLanguage":"en-US","@id":"https:\/\/www.calaboards.com\/shop\/sup-boards\/premium-sealing\/kanaloa-mit-versiegelung\/#primaryimage","url":"https:\/\/www.calaboards.com\/wp-content\/uploads\/2022\/07\/Kanaloa_Neu_Set_DE-1.webp","contentUrl":"https:\/\/www.calaboards.com\/wp-content\/uploads\/2022\/07\/Kanaloa_Neu_Set_DE-1.webp","width":1500,"height":1500},{"@type":"BreadcrumbList","@id":"https:\/\/www.calaboards.com\/shop\/sup-boards\/premium-sealing\/kanaloa-mit-versiegelung\/#breadcrumb","itemListElement":[{"@type":"ListItem","position":1,"name":"Startseite","item":"https:\/\/www.calaboards.com\/en\/"},{"@type":"ListItem","position":2,"name":"Kanaloa mit gratis Versiegelung"}]},{"@type":"WebSite","@id":"https:\/\/www.calaboards.com\/#website","url":"https:\/\/www.calaboards.com\/","name":"CALA SUP Shop: Premium Stand-up-Paddle Boards","description":"Shop f\u00fcr Stand-up-Paddle Boards und Zubeh\u00f6r.","publisher":{"@id":"https:\/\/www.calaboards.com\/#organization"},"potentialAction":[{"@type":"SearchAction","target":{"@type":"EntryPoint","urlTemplate":"https:\/\/www.calaboards.com\/?s={search_term_string}"},"query-input":{"@type":"PropertyValueSpecification","valueRequired":true,"valueName":"search_term_string"}}],"inLanguage":"en-US"},{"@type":"Organization","@id":"https:\/\/www.calaboards.com\/#organization","name":"CALA Boards","url":"https:\/\/www.calaboards.com\/","logo":{"@type":"ImageObject","inLanguage":"en-US","@id":"https:\/\/www.calaboards.com\/#\/schema\/logo\/image\/","url":"https:\/\/www.calaboards.com\/wp-content\/uploads\/2023\/05\/CALA_Logo_120x90.png","contentUrl":"https:\/\/www.calaboards.com\/wp-content\/uploads\/2023\/05\/CALA_Logo_120x90.png","width":120,"height":90,"caption":"CALA Boards"},"image":{"@id":"https:\/\/www.calaboards.com\/#\/schema\/logo\/image\/"},"sameAs":["https:\/\/www.facebook.com\/Calaeurope\/","https:\/\/www.instagram.com\/calaboards\/channel\/"]}]}},"_links":{"self":[{"href":"https:\/\/www.calaboards.com\/en\/wp-json\/wp\/v2\/product\/18001","targetHints":{"allow":["GET"]}}],"collection":[{"href":"https:\/\/www.calaboards.com\/en\/wp-json\/wp\/v2\/product"}],"about":[{"href":"https:\/\/www.calaboards.com\/en\/wp-json\/wp\/v2\/types\/product"}],"replies":[{"embeddable":true,"href":"https:\/\/www.calaboards.com\/en\/wp-json\/wp\/v2\/comments?post=18001"}],"wp:featuredmedia":[{"embeddable":true,"href":"https:\/\/www.calaboards.com\/en\/wp-json\/wp\/v2\/media\/18371"}],"wp:attachment":[{"href":"https:\/\/www.calaboards.com\/en\/wp-json\/wp\/v2\/media?parent=18001"}],"wp:term":[{"taxonomy":"product_brand","embeddable":true,"href":"https:\/\/www.calaboards.com\/en\/wp-json\/wp\/v2\/product_brand?post=18001"},{"taxonomy":"product_cat","embeddable":true,"href":"https:\/\/www.calaboards.com\/en\/wp-json\/wp\/v2\/product_cat?post=18001"},{"taxonomy":"product_tag","embeddable":true,"href":"https:\/\/www.calaboards.com\/en\/wp-json\/wp\/v2\/product_tag?post=18001"}],"curies":[{"name":"wp","href":"https:\/\/api.w.org\/{rel}","templated":true}]}}